{"id":141,"date":"2019-12-30T16:32:01","date_gmt":"2019-12-30T15:32:01","guid":{"rendered":"http:\/\/sh-mc.cz\/?page_id=141"},"modified":"2025-10-01T13:37:03","modified_gmt":"2025-10-01T11:37:03","slug":"vip","status":"publish","type":"page","link":"https:\/\/shmc.cz\/?page_id=141","title":{"rendered":"VIP &#8211; SMS"},"content":{"rendered":"<p><strong><a href=\"https:\/\/shmc.cz\/?page_id=190\">VIP v\u00fdhody najdete zde<\/a><\/strong><\/p>\n<p><strong><a href=\"https:\/\/shmc.tebex.io\">Klasick\u00fd obchod s mo\u017enosti platit kartou najdete zde &#8211; shmc.tebex.io<\/a><\/strong><\/p>\n<p>M\u00e1te-li z\u00e1jem podpo\u0159it server p\u0159\u00edsp\u011bvkem a z\u00edskat n\u011bkter\u00e9 v\u00fdhody ve h\u0159e, m\u016f\u017eete tak u\u010dinit odesl\u00e1n\u00edm VIP SMS s n\u00ed\u017ee uveden\u00fdmi \u00fadaji.<\/p>\n<p><strong>Berte na v\u011bdom\u00ed, \u017ee t\u00edmto pouze p\u0159isp\u00edv\u00e1te na server, nezakupujete p\u0159\u00edmo \u017e\u00e1dnou slu\u017ebu \u010di produkt.<\/strong><\/p>\n\n\n<h3 class=\"wp-block-heading\">Pomoc\u00ed SMS<\/h3>\n\n\n\n<p>Chcete-li podpo\u0159it server pomoc\u00ed Premium SMS (jednor\u00e1zov\u011b), m\u016f\u017eete poslat SMSku dle n\u00e1sleduj\u00edc\u00edch \u00fadaj\u016f.<br><br><\/p>\n\n\n\n<h4 class=\"wp-block-heading has-text-align-center\"><strong>VIP pro \u010cR<br><\/strong><\/h4>\n\n\n\n<p class=\"has-text-align-center\"><strong>Za odesl\u00e1n\u00ed SMS v cen\u011b 99 K\u010d obdr\u017e\u00edte VIP na 2 t\u00fddny.<br><\/strong><em>(2 t\u00fddny ozna\u010duj\u00ed 14 dn\u00ed)<\/em><\/p>\n\n\n<div class=\"wp-block-image\">\n<figure class=\"aligncenter size-large\"><img loading=\"lazy\" decoding=\"async\" width=\"420\" height=\"111\" src=\"http:\/\/sh-mc.cz\/wp-content\/uploads\/2020\/11\/vipcz.png\" alt=\"\" class=\"wp-image-364\" srcset=\"https:\/\/shmc.cz\/wp-content\/uploads\/2020\/11\/vipcz.png 420w, https:\/\/shmc.cz\/wp-content\/uploads\/2020\/11\/vipcz-300x79.png 300w, https:\/\/shmc.cz\/wp-content\/uploads\/2020\/11\/vipcz-410x108.png 410w, https:\/\/shmc.cz\/wp-content\/uploads\/2020\/11\/vipcz-100x26.png 100w, https:\/\/shmc.cz\/wp-content\/uploads\/2020\/11\/vipcz-275x73.png 275w\" sizes=\"auto, (max-width: 420px) 100vw, 420px\" \/><\/figure><\/div>\n\n\n<p class=\"has-text-align-center\"> Slu\u017ebu technicky zaji\u0161\u0165uje Airtoy a.s. Reklamace plateb na&nbsp;<a href=\"mailto:reklamace@airtoy.cz\">reklamace@airtoy.cz<\/a>&nbsp;nebo lince 602 777 555, 9 &#8211; 17 hodin, Po-P\u00e1,&nbsp;<a href=\"http:\/\/www.platmobilem.cz\/\">www.platmobilem.cz<\/a>. Kontakt na provozovatele:&nbsp;<a href=\"mailto:luksikladislav@gmail.com\">luksikladislav@gmail.com<\/a> <\/p>\n\n\n\n<h4 class=\"wp-block-heading has-text-align-center\"><strong>VIP pro SK<\/strong><\/h4>\n\n\n\n<p class=\"has-text-align-center\"><strong>Za odesl\u00e1n\u00ed SMS v hodnot\u011b 4 EUR obdr\u017e\u00edte VIP na 2 t\u00fddny.<\/strong><br> <em>(<em>2 t\u00fddny ozna\u010duj\u00ed 14 dn\u00ed<\/em>)<\/em><\/p>\n\n\n<div class=\"wp-block-image\">\n<figure class=\"aligncenter size-large\"><img loading=\"lazy\" decoding=\"async\" width=\"420\" height=\"111\" src=\"http:\/\/sh-mc.cz\/wp-content\/uploads\/2020\/11\/vipsk.png\" alt=\"\" class=\"wp-image-367\" srcset=\"https:\/\/shmc.cz\/wp-content\/uploads\/2020\/11\/vipsk.png 420w, https:\/\/shmc.cz\/wp-content\/uploads\/2020\/11\/vipsk-300x79.png 300w, https:\/\/shmc.cz\/wp-content\/uploads\/2020\/11\/vipsk-410x108.png 410w, https:\/\/shmc.cz\/wp-content\/uploads\/2020\/11\/vipsk-100x26.png 100w, https:\/\/shmc.cz\/wp-content\/uploads\/2020\/11\/vipsk-275x73.png 275w\" sizes=\"auto, (max-width: 420px) 100vw, 420px\" \/><\/figure><\/div>\n\n\n<script type=\"text\/javascript\">\n\t\/* <![CDATA[ *\/\n\tvar _AIRTOY_WIDTH = \"400\";\n\tvar _AIRTOY_BORDER_RADIUS = \"0\";\n\tvar _AIRTOY_SHADOW = \"0\";\n\tvar _AIRTOY_MESSAGE = \"VIP NICK\";\n\tvar _AIRTOY_BORDER_COLOR = \"#ffffff\"\n\tvar _AIRTOY_BACKGROUND = \"#ffffff\";\n\tvar _AIRTOY_TEXT_COLOR = \"#000000\";\n\tvar _AIRTOY_HIGHLIGHT_COLOR = \"#000000\";\n\tvar _AIRTOY_DISCLAMER_COLOR = \"#000000\";\n\tvar _AIRTOY_LINK_COLOR = \"#3D85C6\";\n\tvar _AIRTOY_LINE_COLOR = \"#CCCCCC\"\n\tvar _AIRTOY_KEYWORD_COLOR = \"#000000\";\n\tvar _AIRTOY_KEYWORD_BACKGROUND = \"#e8edf1\";\n\t\/* ]]> *\/\n<\/script>\n<script type=\"text\/javascript\" src=\"http:\/\/mobilniplatby.cz\/api\/rest\/widget\/3099\/42\"><\/script>\n\n\n\n<p class=\"has-text-align-center\"> Technicky zais\u0165uje Airtoy a.s. Reklam\u00e1cie platieb na&nbsp;<a href=\"mailto:reklamace@airtoy.cz\">reklamace@airtoy.cz<\/a>&nbsp;nebo na linke +420 602 777 555, 9 &#8211; 17 hodin, Po-Pi,&nbsp;<a href=\"http:\/\/www.platmobilem.cz\/\">www.platmobilem.cz<\/a>. Kontakt na prev\u00e1dzkovate\u013ea:&nbsp;<a href=\"mailto:luksikladislav@gmail.com\">luksikladislav@gmail.com<\/a> <\/p>\n","protected":false},"excerpt":{"rendered":"<p>VIP v\u00fdhody najdete zde Klasick\u00fd obchod s mo\u017enosti platit kartou najdete zde &#8211; shmc.tebex.io M\u00e1te-li z\u00e1jem podpo\u0159it server p\u0159\u00edsp\u011bvkem a z\u00edskat n\u011bkter\u00e9 v\u00fdhody ve h\u0159e, m\u016f\u017eete tak u\u010dinit odesl\u00e1n\u00edm VIP SMS s n\u00ed\u017ee uveden\u00fdmi \u00fadaji. Berte na v\u011bdom\u00ed, \u017ee t\u00edmto pouze p\u0159isp\u00edv\u00e1te na server, nezakupujete p\u0159\u00edmo \u017e\u00e1dnou slu\u017ebu \u010di produkt. Pomoc\u00ed SMS Chcete-li podpo\u0159it server [&hellip;]<\/p>\n","protected":false},"author":1,"featured_media":0,"parent":0,"menu_order":0,"comment_status":"closed","ping_status":"closed","template":"","meta":{"footnotes":""},"class_list":["post-141","page","type-page","status-publish","hentry"],"_links":{"self":[{"href":"https:\/\/shmc.cz\/index.php?rest_route=\/wp\/v2\/pages\/141","targetHints":{"allow":["GET"]}}],"collection":[{"href":"https:\/\/shmc.cz\/index.php?rest_route=\/wp\/v2\/pages"}],"about":[{"href":"https:\/\/shmc.cz\/index.php?rest_route=\/wp\/v2\/types\/page"}],"author":[{"embeddable":true,"href":"https:\/\/shmc.cz\/index.php?rest_route=\/wp\/v2\/users\/1"}],"replies":[{"embeddable":true,"href":"https:\/\/shmc.cz\/index.php?rest_route=%2Fwp%2Fv2%2Fcomments&post=141"}],"version-history":[{"count":60,"href":"https:\/\/shmc.cz\/index.php?rest_route=\/wp\/v2\/pages\/141\/revisions"}],"predecessor-version":[{"id":670,"href":"https:\/\/shmc.cz\/index.php?rest_route=\/wp\/v2\/pages\/141\/revisions\/670"}],"wp:attachment":[{"href":"https:\/\/shmc.cz\/index.php?rest_route=%2Fwp%2Fv2%2Fmedia&parent=141"}],"curies":[{"name":"wp","href":"https:\/\/api.w.org\/{rel}","templated":true}]}}