{"id":190,"date":"2019-12-31T19:45:27","date_gmt":"2019-12-31T18:45:27","guid":{"rendered":"http:\/\/sh-mc.cz\/?page_id=190"},"modified":"2025-10-01T15:51:39","modified_gmt":"2025-10-01T13:51:39","slug":"vip-vyhody","status":"publish","type":"page","link":"https:\/\/shmc.cz\/?page_id=190","title":{"rendered":"VIP V\u00fdhody"},"content":{"rendered":"\n<p><strong>Pros\u00edm &#8211; omluvte nep\u0159esnost t\u011bchto \u00fadaj\u016f &#8211; m\u011bn\u00ed se n\u011bkter\u00e9 v\u00fdhody VIP<\/strong><\/p>\n\n\n\n<p><a href=\"https:\/\/shmc.cz\/?page_id=141\"><strong>Info o platb\u00e1ch pomoc\u00ed SMS zde<\/strong><\/a><\/p>\n\n\n\n<p><a href=\"https:\/\/shmc.tebex.io\" data-type=\"link\" data-id=\"https:\/\/shmc.tebex.io\"><strong>Platby pomoc\u00ed kartou atp. zde<\/strong><\/a><\/p>\n\n\n\n<p><\/p>\n\n\n\n<ul class=\"wp-block-list\">\n<li>Mo\u017enost pou\u017e\u00edt barvy v chatu (<em>\/kit barvy<\/em>)<\/li>\n\n\n\n<li>M\u016f\u017eete d\u00e1t \/recipe n\u00e1zev co\u017e v\u00e1m uk\u00e1\u017ee recept<\/li>\n\n\n\n<li>Mo\u017enost d\u00e1vat odkazy (URL) do chatu<\/li>\n\n\n\n<li>Smaz\u00e1n\u00ed invent\u00e1\u0159e pomoc\u00ed <em>\/ci<\/em><\/li>\n\n\n\n<li>Pou\u017eit\u00ed <em>\/blocks<\/em> p\u0159evede ingoty na bloky<\/li>\n\n\n\n<li>P\u0159\u00edkaz <em>\/depth<\/em> uk\u00e1\u017ee hloubku<\/li>\n\n\n\n<li>P\u0159\u00edkaz <em>\/ec<\/em> otev\u0159e va\u0161i ender chestu<\/li>\n\n\n\n<li>P\u0159\u00edkaz <em>\/getpos<\/em> vyp\u00ed\u0161e va\u0161i pozici (X,Y,Z,..)<\/li>\n\n\n\n<li>P\u0159\u00edkazem <em>\/hat<\/em> si d\u00e1te v\u011bc v ruce na hlavu<\/li>\n\n\n\n<li>P\u0159\u00edkazem <em>\/me<\/em> zpr\u00e1va m\u016f\u017eete ps\u00e1t zvl\u00e1\u0161tn\u00ed zpr\u00e1vy<\/li>\n\n\n\n<li>Ps\u00e1t tak\u00e9 odkazy (URL) do msg<\/li>\n\n\n\n<li>P\u0159\u00edkazem <em>\/near<\/em> zjist\u00edte hr\u00e1\u010de bl\u00edzko v\u00e1s<\/li>\n\n\n\n<li>P\u0159\u00edkazem <em>\/ptime<\/em> si nastav\u00edte \u010das (pouze vizu\u00e1ln\u011b)<\/li>\n\n\n\n<li>P\u0159\u00edkazem <em>\/pweather<\/em> si nastav\u00edte po\u010das\u00ed (pouze vizu\u00e1ln\u011b)<\/li>\n\n\n\n<li>P\u0159\u00edkaz <em>\/seen<\/em> nick v\u00e1m \u0159ekne posledn\u00ed p\u0159ipojen\u00ed hr\u00e1\u010de<\/li>\n\n\n\n<li>M\u00e1te 5x home (<em>\/sethome<\/em>)<\/li>\n\n\n\n<li>M\u00e1te 3x Jobs (Pro hr\u00e1\u010de jen 2x)<\/li>\n\n\n\n<li>M\u016f\u017eete se portovat na home, tpa atp. bez prodlevy (okam\u017eit\u011b, hr\u00e1\u010di \u010dekaj\u00ed 3s)<\/li>\n\n\n\n<li>M\u016f\u017eete si nastavovat rychlost l\u00e9t\u00e1n\u00ed (nap\u0159. na stavby \u010di n\u011bco precizn\u00edho) pomoc\u00ed \/tf speed \u010d\u00edslo<\/li>\n\n\n\n<li>Na teleport na home nem\u00e1te \u017e\u00e1dn\u00fd cooldown (\u010dekac\u00ed doba)<\/li>\n\n\n\n<li>Pomoc\u00ed <em>\/tpahere<\/em> nick m\u016f\u017eete za\u017e\u00e1dat hr\u00e1\u010de o port k v\u00e1m<\/li>\n\n\n\n<li>P\u0159\u00edkazem <em>\/tptoggle<\/em> si vypnete teleporty na sebe<\/li>\n\n\n\n<li>Pomoc\u00ed <em>\/wb<\/em> otev\u0159ete workbench (crafting table)<\/li>\n\n\n\n<li>Teleportace na residence a <em>\/<\/em>rtp je rychlej\u0161\u00ed<\/li>\n\n\n\n<li>M\u00e1te n\u011bkolik speci\u00e1ln\u00edch v\u011bc\u00ed ve <em>\/voteshop<\/em> (del\u0161\u00ed l\u00e9t\u00e1n\u00ed a v\u00fdhodn\u011bj\u0161\u00ed, lep\u0161\u00ed efekty atp.)<\/li>\n\n\n\n<li>M\u016f\u017eete zjistit obecn\u00e9 info serveru (TPS, vyt\u00ed\u017een\u00ed RAM) pomoc\u00ed <em>\/lag<\/em><\/li>\n\n\n\n<li>M\u00e1te maxim\u00e1ln\u011b 5 residenc\u00ed, o velikosti 193&#215;193 blok\u016f, nekone\u010dno subzone (res v res)<\/li>\n\n\n\n<li>P\u0159\u00edstup na pln\u00fd server (p\u0159ipoj\u00edte se i p\u0159i pln\u00e9m serveru)<\/li>\n<\/ul>\n","protected":false},"excerpt":{"rendered":"<p>Pros\u00edm &#8211; omluvte nep\u0159esnost t\u011bchto \u00fadaj\u016f &#8211; m\u011bn\u00ed se n\u011bkter\u00e9 v\u00fdhody VIP Info o platb\u00e1ch pomoc\u00ed SMS zde Platby pomoc\u00ed kartou atp. zde<\/p>\n","protected":false},"author":1,"featured_media":0,"parent":0,"menu_order":0,"comment_status":"closed","ping_status":"closed","template":"","meta":{"footnotes":""},"class_list":["post-190","page","type-page","status-publish","hentry"],"_links":{"self":[{"href":"https:\/\/shmc.cz\/index.php?rest_route=\/wp\/v2\/pages\/190","targetHints":{"allow":["GET"]}}],"collection":[{"href":"https:\/\/shmc.cz\/index.php?rest_route=\/wp\/v2\/pages"}],"about":[{"href":"https:\/\/shmc.cz\/index.php?rest_route=\/wp\/v2\/types\/page"}],"author":[{"embeddable":true,"href":"https:\/\/shmc.cz\/index.php?rest_route=\/wp\/v2\/users\/1"}],"replies":[{"embeddable":true,"href":"https:\/\/shmc.cz\/index.php?rest_route=%2Fwp%2Fv2%2Fcomments&post=190"}],"version-history":[{"count":23,"href":"https:\/\/shmc.cz\/index.php?rest_route=\/wp\/v2\/pages\/190\/revisions"}],"predecessor-version":[{"id":673,"href":"https:\/\/shmc.cz\/index.php?rest_route=\/wp\/v2\/pages\/190\/revisions\/673"}],"wp:attachment":[{"href":"https:\/\/shmc.cz\/index.php?rest_route=%2Fwp%2Fv2%2Fmedia&parent=190"}],"curies":[{"name":"wp","href":"https:\/\/api.w.org\/{rel}","templated":true}]}}