{"id":217,"date":"2020-03-14T09:56:45","date_gmt":"2020-03-14T08:56:45","guid":{"rendered":"http:\/\/sh-mc.cz\/?page_id=217"},"modified":"2022-07-19T10:40:34","modified_gmt":"2022-07-19T08:40:34","slug":"pravidla-serveru","status":"publish","type":"page","link":"https:\/\/shmc.cz\/?page_id=217","title":{"rendered":"Pravidla serveru"},"content":{"rendered":"\n<ul class=\"wp-block-list\"><li>Pou\u017e\u00edvejte rozum, negriefujte (tj. neni\u010dte ostatn\u00edm lidem stavby, nekra\u010fte v\u011bci, atd.)<\/li><li>Nenad\u00e1vejte ostatn\u00edm, neprovokujte h\u00e1dky<\/li><li>Z\u00e1kaz pou\u017e\u00edv\u00e1n\u00ed extern\u00edch program\u016f \u010di resource pack\u016f usnad\u0148uj\u00edc\u00ed zna\u010dn\u011b hru za \u00fa\u010delem podvodu \u010di nef\u00e9r hran\u00ed (tj. xray, flyhack, atd.)<\/li><li>Z\u00e1kaz v\u011bc\u00ed, kter\u00e9 poru\u0161uj\u00ed z\u00e1kony \u010cR \u010di podm\u00ednky hry, kter\u00e9 hrajete<\/li><\/ul>\n\n\n\n<p><\/p>\n","protected":false},"excerpt":{"rendered":"<p>Pou\u017e\u00edvejte rozum, negriefujte (tj. neni\u010dte ostatn\u00edm lidem stavby, nekra\u010fte v\u011bci, atd.) Nenad\u00e1vejte ostatn\u00edm, neprovokujte h\u00e1dky Z\u00e1kaz pou\u017e\u00edv\u00e1n\u00ed extern\u00edch program\u016f \u010di resource pack\u016f usnad\u0148uj\u00edc\u00ed zna\u010dn\u011b hru za \u00fa\u010delem podvodu \u010di nef\u00e9r hran\u00ed (tj. xray, flyhack, atd.) Z\u00e1kaz v\u011bc\u00ed, kter\u00e9 poru\u0161uj\u00ed z\u00e1kony \u010cR \u010di podm\u00ednky hry, kter\u00e9 hrajete<\/p>\n","protected":false},"author":1,"featured_media":0,"parent":0,"menu_order":0,"comment_status":"closed","ping_status":"closed","template":"","meta":{"footnotes":""},"class_list":["post-217","page","type-page","status-publish","hentry"],"_links":{"self":[{"href":"https:\/\/shmc.cz\/index.php?rest_route=\/wp\/v2\/pages\/217","targetHints":{"allow":["GET"]}}],"collection":[{"href":"https:\/\/shmc.cz\/index.php?rest_route=\/wp\/v2\/pages"}],"about":[{"href":"https:\/\/shmc.cz\/index.php?rest_route=\/wp\/v2\/types\/page"}],"author":[{"embeddable":true,"href":"https:\/\/shmc.cz\/index.php?rest_route=\/wp\/v2\/users\/1"}],"replies":[{"embeddable":true,"href":"https:\/\/shmc.cz\/index.php?rest_route=%2Fwp%2Fv2%2Fcomments&post=217"}],"version-history":[{"count":4,"href":"https:\/\/shmc.cz\/index.php?rest_route=\/wp\/v2\/pages\/217\/revisions"}],"predecessor-version":[{"id":606,"href":"https:\/\/shmc.cz\/index.php?rest_route=\/wp\/v2\/pages\/217\/revisions\/606"}],"wp:attachment":[{"href":"https:\/\/shmc.cz\/index.php?rest_route=%2Fwp%2Fv2%2Fmedia&parent=217"}],"curies":[{"name":"wp","href":"https:\/\/api.w.org\/{rel}","templated":true}]}}