{"id":544,"date":"2022-01-19T03:10:33","date_gmt":"2022-01-19T02:10:33","guid":{"rendered":"https:\/\/sh-mc.cz\/?page_id=544"},"modified":"2025-10-01T13:37:30","modified_gmt":"2025-10-01T11:37:30","slug":"vip-2","status":"publish","type":"page","link":"https:\/\/shmc.cz\/?page_id=544","title":{"rendered":"VIP"},"content":{"rendered":"\n<p><a href=\"https:\/\/shmc.cz\/?page_id=190\" data-type=\"page\" data-id=\"190\"><strong>VIP v\u00fdhody najdete zde<\/strong><\/a><\/p>\n\n\n\n<p><a href=\"https:\/\/shmc.tebex.io\" data-type=\"URL\" data-id=\"https:\/\/sh-mc.tebex.io\" target=\"_blank\" rel=\"noreferrer noopener\"><strong>Pro n\u00e1kup VIP nav\u0161tivte tuto str\u00e1nku &#8211; shmc.tebex.io<\/strong><\/a><\/p>\n\n\n\n<p><a href=\"https:\/\/shmc.cz\/?page_id=141\"><strong>Info o platb\u00e1ch pomoc\u00ed SMS zde<\/strong><\/a><\/p>\n\n\n\n<p><\/p>\n","protected":false},"excerpt":{"rendered":"<p>VIP v\u00fdhody najdete zde Pro n\u00e1kup VIP nav\u0161tivte tuto str\u00e1nku &#8211; shmc.tebex.io Info o platb\u00e1ch pomoc\u00ed SMS zde<\/p>\n","protected":false},"author":1,"featured_media":0,"parent":0,"menu_order":0,"comment_status":"closed","ping_status":"closed","template":"","meta":{"footnotes":""},"class_list":["post-544","page","type-page","status-publish","hentry"],"_links":{"self":[{"href":"https:\/\/shmc.cz\/index.php?rest_route=\/wp\/v2\/pages\/544","targetHints":{"allow":["GET"]}}],"collection":[{"href":"https:\/\/shmc.cz\/index.php?rest_route=\/wp\/v2\/pages"}],"about":[{"href":"https:\/\/shmc.cz\/index.php?rest_route=\/wp\/v2\/types\/page"}],"author":[{"embeddable":true,"href":"https:\/\/shmc.cz\/index.php?rest_route=\/wp\/v2\/users\/1"}],"replies":[{"embeddable":true,"href":"https:\/\/shmc.cz\/index.php?rest_route=%2Fwp%2Fv2%2Fcomments&post=544"}],"version-history":[{"count":4,"href":"https:\/\/shmc.cz\/index.php?rest_route=\/wp\/v2\/pages\/544\/revisions"}],"predecessor-version":[{"id":672,"href":"https:\/\/shmc.cz\/index.php?rest_route=\/wp\/v2\/pages\/544\/revisions\/672"}],"wp:attachment":[{"href":"https:\/\/shmc.cz\/index.php?rest_route=%2Fwp%2Fv2%2Fmedia&parent=544"}],"curies":[{"name":"wp","href":"https:\/\/api.w.org\/{rel}","templated":true}]}}